{"id":8,"date":"2018-02-20T08:19:42","date_gmt":"2018-02-20T08:19:42","guid":{"rendered":"https:\/\/sites.mmick.org\/flaumitsch\/?page_id=8"},"modified":"2024-10-22T10:03:44","modified_gmt":"2024-10-22T10:03:44","slug":"one-pager","status":"publish","type":"page","link":"https:\/\/www.tischlerei-flaumitsch.at\/","title":{"rendered":"Startseite"},"content":{"rendered":"<p><img loading=\"lazy\" decoding=\"async\" width=\"1198\" height=\"623\" src=\"https:\/\/www.tischlerei-flaumitsch.at\/wp-content\/uploads\/2018\/02\/logo_tischlerei_gross.png\" \/>\t\t\t\t<\/p>\n<p><!-- .container --><br \/>\n\t\t\t\t\t\t\t\t <!-- .overlay --><\/p>\n<p><a><\/a><\/p>\n<p>\u00dcber mich\t\t\t\t\t\t\t\t<\/p>\n<p><img loading=\"lazy\" decoding=\"async\" width=\"272\" height=\"390\" src=\"https:\/\/www.tischlerei-flaumitsch.at\/wp-content\/uploads\/2018\/02\/Marcel.jpg\" \/>\t\t\t\t<\/p>\n<p>Marcel Flaumitsch<br \/>\n\t\t\t\t\t\t\t\t\t\t\t\t\t\t\t\t\t\t\t\t\t\t\t\t\t\t\t\t\t\t\t\t\t\t\t\t\tHerzlich Willkommen. Mein Name ist Marcel Flaumitsch, Tischlermeister aus Egg im Gailtal.Sie haben eine Idee oder eine Vorstellung, ich berate Sie gerne individuell &#038; kreativ, plane Ihr Bauvorhaben und setze Ihre Vorstellungen ma\u00dfgeschneidert um. Wenn Sie es w\u00fcnschen vom Rohbau bis zum Einzug.<\/p>\n<p><!-- \/row --><\/p>\n<p><a><\/a><\/p>\n<p>Leistungen\t\t\t\t\t\t\t\t<\/p>\n<p><img loading=\"lazy\" decoding=\"async\" width=\"81\" height=\"61\" src=\"https:\/\/www.tischlerei-flaumitsch.at\/wp-content\/uploads\/2018\/02\/furnature.png\" \/>\t\t\t\t<\/p>\n<p>M\u00d6BEL<br \/>\n\t\t\t\t\t\t\t\t\t\t\t\t\t\t\t\t\t\t\t\t\t\t\t\t\t\t\t\t\t\t\t\t\t\t\t\t\tF\u00fcr mich ste\u00adhen die je\u00adwei\u00adli\u00adgen An\u00adfor\u00adde\u00adrun\u00adgen an die M\u00f6\u00adbel so\u00adwie die In\u00adte\u00adgra\u00adti\u00adon in den Wohn- und Ar\u00adbeits\u00adraum an Ers\u00adter Stel\u00adle.<\/p>\n<p><img loading=\"lazy\" decoding=\"async\" width=\"77\" height=\"76\" src=\"https:\/\/www.tischlerei-flaumitsch.at\/wp-content\/uploads\/2018\/02\/door.png\" \/>\t\t\t\t<\/p>\n<p>FENSTER &amp; T\u00dcREN<br \/>\n\t\t\t\t\t\t\t\t\t\t\t\t\t\t\t\t\t\t\t\t\t\t\t\t\t\t\t\t\t\t\t\t\t\t\t\t\tIn der heutigen Zeit werden an Fenster, vor allem im Wohnbereich, hohe Anforderungen in Sachen Energieeffizienz, \u00c4sthetik und Sicherheit gestellt.<\/p>\n<p><img loading=\"lazy\" decoding=\"async\" width=\"60\" height=\"60\" src=\"https:\/\/www.tischlerei-flaumitsch.at\/wp-content\/uploads\/2018\/02\/floor.png\" \/>\t\t\t\t<\/p>\n<p>B\u00d6DEN &amp; TERRASSEN<br \/>\n\t\t\t\t\t\t\t\t\t\t\t\t\t\t\t\t\t\t\t\t\t\t\t\t\t\t\t\t\t\t\t\t\t\t\t\t\tSie sp\u00fcren es, sobald Sie den Raum betreten. Ein echter Holzfu\u00dfboden ist ein unvergleichbares Erlebnis.<\/p>\n<p><img loading=\"lazy\" decoding=\"async\" width=\"60\" height=\"60\" src=\"https:\/\/www.tischlerei-flaumitsch.at\/wp-content\/uploads\/2018\/02\/ruler.png\" \/>\t\t\t\t<\/p>\n<p>PLANUNG<br \/>\n\t\t\t\t\t\t\t\t\t\t\t\t\t\t\t\t\t\t\t\t\t\t\t\t\t\t\t\t\t\t\t\t\t\t\t\t\tIch plane Ihre pers\u00f6nlichen Wohnideen. Sie haben die Qual der Wahl zwischen verschiedenen Qualit\u00e4ten und Umsetzungsm\u00f6glichkeiten.<\/p>\n<p><!-- \/row --><\/p>\n<p>Referenzen\t\t\t<!-- default-view.php --><\/p>\n<p><!-- Thumbnails --><\/p>\n<p><a href=\"https:\/\/www.tischlerei-flaumitsch.at\/wp-content\/gallery\/referenzen\/Garderoben-4.jpg\"><br \/>\n\t\t\t\t<img loading=\"lazy\" decoding=\"async\" src=\"https:\/\/www.tischlerei-flaumitsch.at\/wp-content\/gallery\/referenzen\/thumbs\/thumbs_Garderoben-4.jpg\" width=\"240\" height=\"160\" \/><br \/>\n\t\t\t<\/a><\/p>\n<p><a href=\"https:\/\/www.tischlerei-flaumitsch.at\/wp-content\/gallery\/referenzen\/Schlafzimmer-1.jpg\"><br \/>\n\t\t\t\t<img loading=\"lazy\" decoding=\"async\" src=\"https:\/\/www.tischlerei-flaumitsch.at\/wp-content\/gallery\/referenzen\/thumbs\/thumbs_Schlafzimmer-1.jpg\" width=\"240\" height=\"160\" \/><br \/>\n\t\t\t<\/a><\/p>\n<p><a href=\"https:\/\/www.tischlerei-flaumitsch.at\/wp-content\/gallery\/referenzen\/tre_gr.jpg\"><br \/>\n\t\t\t\t<img loading=\"lazy\" decoding=\"async\" src=\"https:\/\/www.tischlerei-flaumitsch.at\/wp-content\/gallery\/referenzen\/thumbs\/thumbs_tre_gr.jpg\" width=\"240\" height=\"160\" \/><br \/>\n\t\t\t<\/a><\/p>\n<p><a href=\"https:\/\/www.tischlerei-flaumitsch.at\/wp-content\/gallery\/referenzen\/0601181g.jpg\"><br \/>\n\t\t\t\t<img loading=\"lazy\" decoding=\"async\" src=\"https:\/\/www.tischlerei-flaumitsch.at\/wp-content\/gallery\/referenzen\/thumbs\/thumbs_0601181g.jpg\" width=\"240\" height=\"160\" \/><br \/>\n\t\t\t<\/a><\/p>\n<p><a href=\"https:\/\/www.tischlerei-flaumitsch.at\/wp-content\/gallery\/referenzen\/0601182g.jpg\"><br \/>\n\t\t\t\t<img loading=\"lazy\" decoding=\"async\" src=\"https:\/\/www.tischlerei-flaumitsch.at\/wp-content\/gallery\/referenzen\/thumbs\/thumbs_0601182g.jpg\" width=\"240\" height=\"160\" \/><br \/>\n\t\t\t<\/a><\/p>\n<p><a href=\"https:\/\/www.tischlerei-flaumitsch.at\/wp-content\/gallery\/referenzen\/0601183g.jpg\"><br \/>\n\t\t\t\t<img loading=\"lazy\" decoding=\"async\" src=\"https:\/\/www.tischlerei-flaumitsch.at\/wp-content\/gallery\/referenzen\/thumbs\/thumbs_0601183g.jpg\" width=\"240\" height=\"160\" \/><br \/>\n\t\t\t<\/a><\/p>\n<p><a href=\"https:\/\/www.tischlerei-flaumitsch.at\/wp-content\/gallery\/referenzen\/Badezimmer.jpg\"><br \/>\n\t\t\t\t<img loading=\"lazy\" decoding=\"async\" src=\"https:\/\/www.tischlerei-flaumitsch.at\/wp-content\/gallery\/referenzen\/thumbs\/thumbs_Badezimmer.jpg\" width=\"240\" height=\"160\" \/><br \/>\n\t\t\t<\/a><\/p>\n<p><a href=\"https:\/\/www.tischlerei-flaumitsch.at\/wp-content\/gallery\/referenzen\/Fenster.jpg\"><br \/>\n\t\t\t\t<img loading=\"lazy\" decoding=\"async\" src=\"https:\/\/www.tischlerei-flaumitsch.at\/wp-content\/gallery\/referenzen\/thumbs\/thumbs_Fenster.jpg\" width=\"240\" height=\"160\" \/><br \/>\n\t\t\t<\/a><\/p>\n<p><a href=\"https:\/\/www.tischlerei-flaumitsch.at\/wp-content\/gallery\/referenzen\/garage_gro.jpg\"><br \/>\n\t\t\t\t<img loading=\"lazy\" decoding=\"async\" src=\"https:\/\/www.tischlerei-flaumitsch.at\/wp-content\/gallery\/referenzen\/thumbs\/thumbs_garage_gro.jpg\" width=\"240\" height=\"160\" \/><br \/>\n\t\t\t<\/a><\/p>\n<p><a href=\"https:\/\/www.tischlerei-flaumitsch.at\/wp-content\/gallery\/referenzen\/Garderoben-3.jpg\"><br \/>\n\t\t\t\t<img loading=\"lazy\" decoding=\"async\" src=\"https:\/\/www.tischlerei-flaumitsch.at\/wp-content\/gallery\/referenzen\/thumbs\/thumbs_Garderoben-3.jpg\" width=\"240\" height=\"160\" \/><br \/>\n\t\t\t<\/a><\/p>\n<p><a href=\"https:\/\/www.tischlerei-flaumitsch.at\/wp-content\/gallery\/referenzen\/WhatsApp-Image-2018-10-25-at-17.19.23.jpeg\"><br \/>\n\t\t\t\t<img loading=\"lazy\" decoding=\"async\" src=\"https:\/\/www.tischlerei-flaumitsch.at\/wp-content\/gallery\/referenzen\/thumbs\/thumbs_WhatsApp-Image-2018-10-25-at-17.19.23.jpeg\" width=\"240\" height=\"160\" \/><br \/>\n\t\t\t<\/a><\/p>\n<p><a href=\"https:\/\/www.tischlerei-flaumitsch.at\/wp-content\/gallery\/referenzen\/WhatsApp-Image-2018-10-29-at-11.24.42.jpeg\"><br \/>\n\t\t\t\t<img loading=\"lazy\" decoding=\"async\" src=\"https:\/\/www.tischlerei-flaumitsch.at\/wp-content\/gallery\/referenzen\/thumbs\/thumbs_WhatsApp-Image-2018-10-29-at-11.24.42.jpeg\" width=\"240\" height=\"160\" \/><br \/>\n\t\t\t<\/a><\/p>\n<p><!-- Pagination --><\/p>\n<p><a><\/a><\/p>\n<p>Kontakt<br \/>\n\t\t\t\t\t\t\t\t\t\t\t\t\t\t\t\t\t\t\t\t\t\tMarcel FlaumitschEgg 349624 Egg bei HermagorTelefon: +43 (0) 676 523 00 65E-Mail:\u00a0<a href=\"mailto:info@tischlerei-flaumitsch.at\">info@tischlerei-flaumitsch.at<\/a>\u00a0<\/p>\n<p><a><\/a><\/p>\n<p>Partner\t\t\t\t\t\t\t\t<\/p>\n<p><img loading=\"lazy\" decoding=\"async\" width=\"300\" height=\"97\" src=\"https:\/\/www.tischlerei-flaumitsch.at\/wp-content\/uploads\/2018\/02\/LOGO_WOundWO-300x97.png\" \/>\t\t\t\t<\/p>\n<p><img loading=\"lazy\" decoding=\"async\" width=\"94\" height=\"140\" src=\"https:\/\/www.tischlerei-flaumitsch.at\/wp-content\/uploads\/2018\/02\/drauholz.png\" \/>\t\t\t\t<\/p>\n<p><img loading=\"lazy\" decoding=\"async\" width=\"282\" height=\"132\" src=\"https:\/\/www.tischlerei-flaumitsch.at\/wp-content\/uploads\/2018\/02\/logo.png\" \/>\t\t\t\t<\/p>\n<p><img loading=\"lazy\" decoding=\"async\" width=\"200\" height=\"95\" src=\"https:\/\/www.tischlerei-flaumitsch.at\/wp-content\/uploads\/2018\/02\/schachermayer.png\" \/>\t\t\t\t<\/p>\n<p><img loading=\"lazy\" decoding=\"async\" width=\"300\" height=\"85\" src=\"https:\/\/www.tischlerei-flaumitsch.at\/wp-content\/uploads\/2018\/02\/wildscheck-300x85.png\" \/>\t\t\t\t<\/p>\n<p><!-- \/row --><\/p>\n","protected":false},"excerpt":{"rendered":"<p>\u00dcber mich Marcel Flaumitsch Herzlich Willkommen. Mein Name ist Marcel Flaumitsch, Tischlermeister aus Egg im Gailtal.Sie haben eine Idee oder eine Vorstellung, ich berate Sie gerne individuell &#038; kreativ, plane Ihr Bauvorhaben und setze Ihre Vorstellungen ma\u00dfgeschneidert um. Wenn Sie es w\u00fcnschen vom Rohbau bis zum Einzug. Leistungen M\u00d6BEL F\u00fcr mich ste\u00adhen die je\u00adwei\u00adli\u00adgen An\u00adfor\u00adde\u00adrun\u00adgen [&hellip;]<\/p>\n","protected":false},"author":1,"featured_media":0,"parent":0,"menu_order":0,"comment_status":"closed","ping_status":"closed","template":"builder.php","meta":{"ngg_post_thumbnail":0,"footnotes":""},"class_list":["post-8","page","type-page","status-publish","hentry"],"_links":{"self":[{"href":"https:\/\/www.tischlerei-flaumitsch.at\/index.php?rest_route=\/wp\/v2\/pages\/8","targetHints":{"allow":["GET"]}}],"collection":[{"href":"https:\/\/www.tischlerei-flaumitsch.at\/index.php?rest_route=\/wp\/v2\/pages"}],"about":[{"href":"https:\/\/www.tischlerei-flaumitsch.at\/index.php?rest_route=\/wp\/v2\/types\/page"}],"author":[{"embeddable":true,"href":"https:\/\/www.tischlerei-flaumitsch.at\/index.php?rest_route=\/wp\/v2\/users\/1"}],"replies":[{"embeddable":true,"href":"https:\/\/www.tischlerei-flaumitsch.at\/index.php?rest_route=%2Fwp%2Fv2%2Fcomments&post=8"}],"version-history":[{"count":31,"href":"https:\/\/www.tischlerei-flaumitsch.at\/index.php?rest_route=\/wp\/v2\/pages\/8\/revisions"}],"predecessor-version":[{"id":135,"href":"https:\/\/www.tischlerei-flaumitsch.at\/index.php?rest_route=\/wp\/v2\/pages\/8\/revisions\/135"}],"wp:attachment":[{"href":"https:\/\/www.tischlerei-flaumitsch.at\/index.php?rest_route=%2Fwp%2Fv2%2Fmedia&parent=8"}],"curies":[{"name":"wp","href":"https:\/\/api.w.org\/{rel}","templated":true}]}}